{"id":53382,"date":"2016-01-29T10:13:23","date_gmt":"2016-01-29T10:13:23","guid":{"rendered":"https:\/\/the7.io\/beauty-studio\/?page_id=7"},"modified":"2019-05-14T12:14:46","modified_gmt":"2019-05-14T04:14:46","slug":"services-4","status":"publish","type":"page","link":"https:\/\/altraductor.com\/index.php\/services-4\/","title":{"rendered":"Services"},"content":{"rendered":"<p>[vc_row type=&#8221;vc_default&#8221; css=&#8221;.vc_custom_1498212582492{padding-bottom: 20px !important;}&#8221;][vc_column width=&#8221;1\/3&#8243; css=&#8221;.vc_custom_1498211177630{padding-bottom: 50px !important;}&#8221;]<div class=\"shortcode-single-image-wrap alignnone  vc_custom_1530537163215\" ><div class=\"shortcode-single-image\"><div class=\"fancy-media-wrap\" style=\"border-radius:500px;\"><a href=\"\/corporate\/services\/service-inner\/\" class=\"layzr-bg rollover\" style=\"border-radius:500px;\"><img loading=\"lazy\" decoding=\"async\" class=\"preload-me lazy-load\" src=\"data:image\/svg+xml,%3Csvg%20xmlns%3D&#39;http%3A%2F%2Fwww.w3.org%2F2000%2Fsvg&#39;%20viewBox%3D&#39;0%200%20220%20220&#39;%2F%3E\" data-src=\"https:\/\/altraductor.com\/wp-content\/uploads\/2018\/07\/s005-220x220.jpg\" data-srcset=\"https:\/\/altraductor.com\/wp-content\/uploads\/2018\/07\/s005-220x220.jpg 220w, https:\/\/altraductor.com\/wp-content\/uploads\/2018\/07\/s005-440x440.jpg 440w\" width=\"220\" height=\"220\"  data-dt-location=\"https:\/\/altraductor.com\/s005\/\" alt=\"\" \/><\/a><\/div><\/div><\/div><span id=\"creative-link-wrap-6106\" class=\"ult_main_cl ult-adjust-bottom-margin  \" >\n\t \t\t\t<span class=\"  ult_crlink\" >\n\t\t\t\t\t<a  data-ultimate-target='#creative-link-wrap-6106 .ult_colorlink'  data-responsive-json-new='{\"font-size\":\"desktop:26px;\",\"line-height\":\"desktop:32px;\"}'  href=\"\/index.php\/contact-5\/\"  class=\"ult_colorlink ult-responsive  vc_custom_1557807055532\" style=\"font-family:Open Sans Condensed;font-weight:700; \"  data-textcolor=\"#1f365c\" data-texthover=\"#ffb536\"data-style=\"\">\n\t\t\t\t\t\t\n\t\t\t\t\t\t<span data-hover=\"Servicios de Traducci\u00f3n de Calidad\" style=\"color:#1f365c;;;\" class=\"ult_btn10_span   \">Servicios de Traducci\u00f3n de Calidad<\/span>\n\t\t\t\t\t\t\n\t\t\t\t\t<\/a>\n\t\t\t\t<\/span>\n\t\t\t<\/span>[vc_column_text css=&#8221;.vc_custom_1557807251242{margin-top: -40px !important;}&#8221;]Tanto si requiere trabajos espor\u00e1dicos, como servicios continuos y regulares; tanto si es una Pyme, una gran empresa o un organismo p\u00fablico de cualquier tama\u00f1o, en nuestros servicios de traducci\u00f3n adaptables a sus necesidades encontrar\u00e1 lo que necesita. P\u00eddanos presupuesto sin compromiso a trav\u00e9s de nuestros formularios.[\/vc_column_text][\/vc_column][vc_column width=&#8221;1\/3&#8243; css=&#8221;.vc_custom_1498211173058{padding-bottom: 50px !important;}&#8221;]<div class=\"shortcode-single-image-wrap alignnone  vc_custom_1530537170244\" ><div class=\"shortcode-single-image\"><div class=\"fancy-media-wrap\" style=\"border-radius:500px;\"><a href=\"\/corporate\/services\/service-inner\/\" class=\"layzr-bg rollover\" style=\"border-radius:500px;\"><img loading=\"lazy\" decoding=\"async\" class=\"preload-me lazy-load\" src=\"data:image\/svg+xml,%3Csvg%20xmlns%3D&#39;http%3A%2F%2Fwww.w3.org%2F2000%2Fsvg&#39;%20viewBox%3D&#39;0%200%20220%20220&#39;%2F%3E\" data-src=\"https:\/\/altraductor.com\/wp-content\/uploads\/2017\/05\/s024-220x220.jpg\" data-srcset=\"https:\/\/altraductor.com\/wp-content\/uploads\/2017\/05\/s024-220x220.jpg 220w, https:\/\/altraductor.com\/wp-content\/uploads\/2017\/05\/s024-440x440.jpg 440w\" width=\"220\" height=\"220\"  data-dt-location=\"https:\/\/altraductor.com\/s024\/\" alt=\"\" \/><\/a><\/div><\/div><\/div><span id=\"creative-link-wrap-9764\" class=\"ult_main_cl ult-adjust-bottom-margin  \" >\n\t \t\t\t<span class=\"  ult_crlink\" >\n\t\t\t\t\t<a  data-ultimate-target='#creative-link-wrap-9764 .ult_colorlink'  data-responsive-json-new='{\"font-size\":\"desktop:26px;\",\"line-height\":\"desktop:32px;\"}'  href=\"\/index.php\/contact-5\/\"  class=\"ult_colorlink ult-responsive  vc_custom_1557807069558\" style=\"font-family:Open Sans Condensed;font-weight:700; \"  data-textcolor=\"#1f365c\" data-texthover=\"#ffb536\"data-style=\"\">\n\t\t\t\t\t\t\n\t\t\t\t\t\t<span data-hover=\"Traducci\u00f3n \u00abWeb Sensitive\u00bb\" style=\"color:#1f365c;;;\" class=\"ult_btn10_span   \">Traducci\u00f3n \u00abWeb Sensitive\u00bb<\/span>\n\t\t\t\t\t\t\n\t\t\t\t\t<\/a>\n\t\t\t\t<\/span>\n\t\t\t<\/span>[vc_column_text css=&#8221;.vc_custom_1557807240823{margin-top: -40px !important;}&#8221;]La Web se ha convertido en la principal herramienta de negocio y de difusi\u00f3n de informaci\u00f3n para un mercado global. Para traducir correctamente contenidos web hay que entender las caracter\u00edsticas generales de la comunicaci\u00f3n multiling\u00fce en Internet y los distintos tipos de contenidos web, as\u00ed como los requisitos particulares de cada cliente y sus objetivos.[\/vc_column_text][\/vc_column][vc_column width=&#8221;1\/3&#8243; css=&#8221;.vc_custom_1498211168626{padding-bottom: 50px !important;}&#8221;]<div class=\"shortcode-single-image-wrap alignnone  vc_custom_1530537178691\" ><div class=\"shortcode-single-image\"><div class=\"fancy-media-wrap\" style=\"border-radius:500px;\"><a href=\"\/corporate\/services\/service-inner\/\" class=\"layzr-bg rollover\" style=\"border-radius:500px;\"><img loading=\"lazy\" decoding=\"async\" class=\"preload-me lazy-load\" src=\"data:image\/svg+xml,%3Csvg%20xmlns%3D&#39;http%3A%2F%2Fwww.w3.org%2F2000%2Fsvg&#39;%20viewBox%3D&#39;0%200%20220%20220&#39;%2F%3E\" data-src=\"https:\/\/altraductor.com\/wp-content\/uploads\/2018\/07\/s006-220x220.jpg\" data-srcset=\"https:\/\/altraductor.com\/wp-content\/uploads\/2018\/07\/s006-220x220.jpg 220w, https:\/\/altraductor.com\/wp-content\/uploads\/2018\/07\/s006-440x440.jpg 440w\" width=\"220\" height=\"220\"  data-dt-location=\"https:\/\/altraductor.com\/s006\/\" alt=\"\" \/><\/a><\/div><\/div><\/div><span id=\"creative-link-wrap-4277\" class=\"ult_main_cl ult-adjust-bottom-margin  \" >\n\t \t\t\t<span class=\"  ult_crlink\" >\n\t\t\t\t\t<a  data-ultimate-target='#creative-link-wrap-4277 .ult_colorlink'  data-responsive-json-new='{\"font-size\":\"desktop:26px;\",\"line-height\":\"desktop:32px;\"}'  href=\"\/index.php\/contact-5\/\"  class=\"ult_colorlink ult-responsive  vc_custom_1557807093303\" style=\"font-family:Open Sans Condensed;font-weight:700; \"  data-textcolor=\"#1f365c\" data-texthover=\"#ffb536\"data-style=\"\">\n\t\t\t\t\t\t\n\t\t\t\t\t\t<span data-hover=\"Traducci\u00f3n jurada\" style=\"color:#1f365c;;;\" class=\"ult_btn10_span   \">Traducci\u00f3n jurada<\/span>\n\t\t\t\t\t\t\n\t\t\t\t\t<\/a>\n\t\t\t\t<\/span>\n\t\t\t<\/span>[vc_column_text css=&#8221;.vc_custom_1557681836580{margin-top: -40px !important;}&#8221;]<\/p>\n<p style=\"text-align: center;\">Una Traducci\u00f3n Jurada es una traducci\u00f3n realizada por un Traductor Jurado autorizado por el Ministerio de Asuntos Exteriores. El Traductor jurado act\u00faa como un Notario, y da fe p\u00fablica de la veracidad del documento traducido.<\/p>\n<p>[\/vc_column_text][\/vc_column][vc_column width=&#8221;1\/3&#8243; css=&#8221;.vc_custom_1498211153060{padding-bottom: 50px !important;}&#8221;]<div class=\"shortcode-single-image-wrap alignnone  vc_custom_1530537187033\" ><div class=\"shortcode-single-image\"><div class=\"fancy-media-wrap\" style=\"border-radius:500px;\"><a href=\"\/corporate\/services\/service-inner\/\" class=\"layzr-bg rollover\" style=\"border-radius:500px;\"><img loading=\"lazy\" decoding=\"async\" class=\"preload-me lazy-load\" src=\"data:image\/svg+xml,%3Csvg%20xmlns%3D&#39;http%3A%2F%2Fwww.w3.org%2F2000%2Fsvg&#39;%20viewBox%3D&#39;0%200%20220%20220&#39;%2F%3E\" data-src=\"https:\/\/altraductor.com\/wp-content\/uploads\/2018\/07\/s001-220x220.jpg\" data-srcset=\"https:\/\/altraductor.com\/wp-content\/uploads\/2018\/07\/s001-220x220.jpg 220w, https:\/\/altraductor.com\/wp-content\/uploads\/2018\/07\/s001-440x440.jpg 440w\" width=\"220\" height=\"220\"  data-dt-location=\"https:\/\/altraductor.com\/s001-2\/\" alt=\"\" \/><\/a><\/div><\/div><\/div><span id=\"creative-link-wrap-4320\" class=\"ult_main_cl ult-adjust-bottom-margin  \" >\n\t \t\t\t<span class=\"  ult_crlink\" >\n\t\t\t\t\t<a  data-ultimate-target='#creative-link-wrap-4320 .ult_colorlink'  data-responsive-json-new='{\"font-size\":\"desktop:26px;\",\"line-height\":\"desktop:32px;\"}'  href=\"\/index.php\/contact-5\/\"  class=\"ult_colorlink ult-responsive  vc_custom_1557807102353\" style=\"font-family:Open Sans Condensed;font-weight:700; \"  data-textcolor=\"#213962\" data-texthover=\"#ffb536\"data-style=\"\">\n\t\t\t\t\t\t\n\t\t\t\t\t\t<span data-hover=\"Hacemos sencillo\" style=\"color:#213962;;;\" class=\"ult_btn10_span   \">Hacemos sencillo<\/span>\n\t\t\t\t\t\t\n\t\t\t\t\t<\/a>\n\t\t\t\t<\/span>\n\t\t\t<\/span>[vc_column_text css=&#8221;.vc_custom_1557681881920{margin-top: -40px !important;}&#8221;]<\/p>\n<p style=\"text-align: center;\">Se llama traducci\u00f3n general a la pr\u00e1ctica de traducci\u00f3n de textos que no requieren una gran especializaci\u00f3n determinada. Requiere un conocimiento profundo de la lengua de la que se parte, as\u00ed como un buen estilo de redacci\u00f3n en la lengua de llegada.<\/p>\n<p>[\/vc_column_text][\/vc_column][vc_column width=&#8221;1\/3&#8243; css=&#8221;.vc_custom_1498211158411{padding-bottom: 50px !important;}&#8221;]<div class=\"shortcode-single-image-wrap alignnone  vc_custom_1530537194788\" ><div class=\"shortcode-single-image\"><div class=\"fancy-media-wrap\" style=\"border-radius:500px;\"><a href=\"\/corporate\/services\/service-inner\/\" class=\"layzr-bg rollover\" style=\"border-radius:500px;\"><img loading=\"lazy\" decoding=\"async\" class=\"preload-me lazy-load\" src=\"data:image\/svg+xml,%3Csvg%20xmlns%3D&#39;http%3A%2F%2Fwww.w3.org%2F2000%2Fsvg&#39;%20viewBox%3D&#39;0%200%20220%20220&#39;%2F%3E\" data-src=\"https:\/\/altraductor.com\/wp-content\/uploads\/2018\/07\/s003-220x220.jpg\" data-srcset=\"https:\/\/altraductor.com\/wp-content\/uploads\/2018\/07\/s003-220x220.jpg 220w, https:\/\/altraductor.com\/wp-content\/uploads\/2018\/07\/s003-440x440.jpg 440w\" width=\"220\" height=\"220\"  data-dt-location=\"https:\/\/altraductor.com\/s003\/\" alt=\"\" \/><\/a><\/div><\/div><\/div><span id=\"creative-link-wrap-2162\" class=\"ult_main_cl ult-adjust-bottom-margin  \" >\n\t \t\t\t<span class=\"  ult_crlink\" >\n\t\t\t\t\t<a  data-ultimate-target='#creative-link-wrap-2162 .ult_colorlink'  data-responsive-json-new='{\"font-size\":\"desktop:26px;\",\"line-height\":\"desktop:32px;\"}'  href=\"\/index.php\/contact-5\/\"  class=\"ult_colorlink ult-responsive  vc_custom_1557807111141\" style=\"font-family:Open Sans Condensed;font-weight:700; \"  data-textcolor=\"#1f365c\" data-texthover=\"#ff9f1a\"data-style=\"\">\n\t\t\t\t\t\t\n\t\t\t\t\t\t<span data-hover=\"Traducci\u00f3n para exportaci\u00f3n\" style=\"color:#1f365c;;;\" class=\"ult_btn10_span   \">Traducci\u00f3n para exportaci\u00f3n<\/span>\n\t\t\t\t\t\t\n\t\t\t\t\t<\/a>\n\t\t\t\t<\/span>\n\t\t\t<\/span>[vc_column_text css=&#8221;.vc_custom_1557681929174{margin-top: -40px !important;}&#8221;]<\/p>\n<p style=\"text-align: center;\">La selecci\u00f3n y preparaci\u00f3n de un producto o servicio para exportar requiere no s\u00f3lo el conocimiento del producto, sino tambi\u00e9n del mercado de destino.<\/p>\n<p>[\/vc_column_text][\/vc_column][vc_column width=&#8221;1\/3&#8243; css=&#8221;.vc_custom_1498211162818{padding-bottom: 50px !important;}&#8221;]<div class=\"shortcode-single-image-wrap alignnone  vc_custom_1530537220005\" ><div class=\"shortcode-single-image\"><div class=\"fancy-media-wrap\" style=\"border-radius:500px;\"><a href=\"\/corporate\/services\/service-inner\/\" class=\"layzr-bg rollover\" style=\"border-radius:500px;\"><img loading=\"lazy\" decoding=\"async\" class=\"preload-me lazy-load\" src=\"data:image\/svg+xml,%3Csvg%20xmlns%3D&#39;http%3A%2F%2Fwww.w3.org%2F2000%2Fsvg&#39;%20viewBox%3D&#39;0%200%20220%20220&#39;%2F%3E\" data-src=\"https:\/\/altraductor.com\/wp-content\/uploads\/2018\/07\/s000-220x220.jpg\" data-srcset=\"https:\/\/altraductor.com\/wp-content\/uploads\/2018\/07\/s000-220x220.jpg 220w, https:\/\/altraductor.com\/wp-content\/uploads\/2018\/07\/s000-440x440.jpg 440w\" width=\"220\" height=\"220\"  data-dt-location=\"https:\/\/altraductor.com\/index.php\/home-6\/s000-2\/\" alt=\"\" \/><\/a><\/div><\/div><\/div><span id=\"creative-link-wrap-5360\" class=\"ult_main_cl ult-adjust-bottom-margin  \" >\n\t \t\t\t<span class=\"  ult_crlink\" >\n\t\t\t\t\t<a  data-ultimate-target='#creative-link-wrap-5360 .ult_colorlink'  data-responsive-json-new='{\"font-size\":\"desktop:26px;\",\"line-height\":\"desktop:32px;\"}'  href=\"\/index.php\/contact-5\/\"  class=\"ult_colorlink ult-responsive  vc_custom_1557807118923\" style=\"font-family:Open Sans Condensed;font-weight:700; \"  data-textcolor=\"#1f365c\" data-texthover=\"#ffb536\"data-style=\"\">\n\t\t\t\t\t\t\n\t\t\t\t\t\t<span data-hover=\"Postedici\u00f3n Humana de Traducci\u00f3n Autom\u00e1tica\" style=\"color:#1f365c;;;\" class=\"ult_btn10_span   \">Postedici\u00f3n Humana de Traducci\u00f3n Autom\u00e1tica<\/span>\n\t\t\t\t\t\t\n\t\t\t\t\t<\/a>\n\t\t\t\t<\/span>\n\t\t\t<\/span>[vc_column_text css=&#8221;.vc_custom_1557681966711{margin-top: -40px !important;}&#8221;]<\/p>\n<p style=\"text-align: center;\">Editores ergon\u00f3micos de postedici\u00f3n, de Quality Assurance, memorias de traducci\u00f3n y diccionarios personalizados permiten agilizar, optimizar y controlar la calidad del servicio.<\/p>\n<p>[\/vc_column_text][\/vc_column][\/vc_row][vc_row bg_type=&#8221;bg_color&#8221; bg_override=&#8221;ex-full&#8221; type=&#8221;vc_default&#8221; css=&#8221;.vc_custom_1498212491956{padding-top: 60px !important;padding-bottom: 70px !important;}&#8221; bg_color_value=&#8221;#f5f5f5&#8243;][vc_column]<div id=\"ultimate-heading-181569ee11e5e0911\" class=\"uvc-heading ult-adjust-bottom-margin ultimate-heading-181569ee11e5e0911 uvc-4344 color-title accent-title-color\" data-hspacer=\"no_spacer\"  data-halign=\"center\" style=\"text-align:center\"><div class=\"uvc-heading-spacer no_spacer\" style=\"top\"><\/div><div class=\"uvc-main-heading ult-responsive\"  data-ultimate-target='.uvc-heading.ultimate-heading-181569ee11e5e0911 h2'  data-responsive-json-new='{\"font-size\":\"desktop:40px;tablet_portrait:20px;\",\"line-height\":\"desktop:46px;tablet_portrait:26px;\"}' ><h2 style=\"font-family:&#039;Open Sans Condensed&#039;;font-weight:700;margin-bottom:10px;\">Hurry up! Contact us today and get<\/h2><\/div><div class=\"uvc-sub-heading ult-responsive\"  data-ultimate-target='.uvc-heading.ultimate-heading-181569ee11e5e0911 .uvc-sub-heading '  data-responsive-json-new='{\"font-size\":\"desktop:70px;tablet_portrait:40px;\",\"line-height\":\"desktop:76px;tablet_portrait:46px;\"}'  style=\"font-family:&#039;Open Sans Condensed&#039;;font-weight:700;\">PRIMERA CONSULTA GRATUITA<\/div><\/div><style type=\"text\/css\" data-type=\"the7_shortcodes-inline-css\">#default-btn-1627edfce81fee79923cbb1a996aad68 > i {\n  font-size: 11px;\n}\n#default-btn-1627edfce81fee79923cbb1a996aad68 * {\n  vertical-align: middle;\n}\n<\/style><div class=\"btn-align-center\"><a href=\"https:\/\/api.whatsapp.com\/send?phone=8613920928471\" class=\"default-btn-shortcode dt-btn dt-btn-l  vc_custom_1557807152071\" id=\"default-btn-1627edfce81fee79923cbb1a996aad68\" style=\"width:400px;\"><span>RESERVAR SERVICIO<\/span><\/a><\/div>[\/vc_column][\/vc_row]<\/p>\n","protected":false},"excerpt":{"rendered":"<p>[vc_row type=&#8221;vc_default&#8221; css=&#8221;.vc_custom_1498212582492{padding-bottom: 20px !important;}&#8221;][vc_column width=&#8221;1\/3&#8243; css=&#8221;.vc_custom_1498211177630{padding-bottom: 50px !important;}&#8221;][vc_column_text css=&#8221;.vc_custom_1557807251242{margin-top: -40px !important;}&#8221;]Tanto si requiere trabajos espor\u00e1dicos, como servicios continuos y regulares; tanto si es una Pyme, una gran empresa o un organismo p\u00fablico de cualquier tama\u00f1o, en nuestros servicios de traducci\u00f3n adaptables a sus necesidades encontrar\u00e1 lo que necesita. P\u00eddanos presupuesto sin compromiso a trav\u00e9s&hellip;<\/p>\n","protected":false},"author":1,"featured_media":0,"parent":0,"menu_order":300,"comment_status":"closed","ping_status":"closed","template":"","meta":[],"class_list":["post-53382","page","type-page","status-publish","hentry","description-off"],"_links":{"self":[{"href":"https:\/\/altraductor.com\/index.php\/wp-json\/wp\/v2\/pages\/53382","targetHints":{"allow":["GET"]}}],"collection":[{"href":"https:\/\/altraductor.com\/index.php\/wp-json\/wp\/v2\/pages"}],"about":[{"href":"https:\/\/altraductor.com\/index.php\/wp-json\/wp\/v2\/types\/page"}],"author":[{"embeddable":true,"href":"https:\/\/altraductor.com\/index.php\/wp-json\/wp\/v2\/users\/1"}],"replies":[{"embeddable":true,"href":"https:\/\/altraductor.com\/index.php\/wp-json\/wp\/v2\/comments?post=53382"}],"version-history":[{"count":4,"href":"https:\/\/altraductor.com\/index.php\/wp-json\/wp\/v2\/pages\/53382\/revisions"}],"predecessor-version":[{"id":53504,"href":"https:\/\/altraductor.com\/index.php\/wp-json\/wp\/v2\/pages\/53382\/revisions\/53504"}],"wp:attachment":[{"href":"https:\/\/altraductor.com\/index.php\/wp-json\/wp\/v2\/media?parent=53382"}],"curies":[{"name":"wp","href":"https:\/\/api.w.org\/{rel}","templated":true}]}}