{"id":53384,"date":"2016-01-29T10:14:18","date_gmt":"2016-01-29T10:14:18","guid":{"rendered":"https:\/\/the7.io\/beauty-studio\/?page_id=11"},"modified":"2023-03-01T20:23:22","modified_gmt":"2023-03-01T12:23:22","slug":"testimonials-3","status":"publish","type":"page","link":"https:\/\/altraductor.com\/index.php\/testimonials-3\/","title":{"rendered":"Testimonios"},"content":{"rendered":"<p>[vc_row type=&#8221;vc_default&#8221;][vc_column css=&#8221;.vc_custom_1498574979385{padding-top: 70px !important;padding-bottom: 70px !important;}&#8221;]<style type=\"text\/css\" data-type=\"the7_shortcodes-inline-css\">.dt-testimonials-shortcode.testimonials-masonry-shortcode-id-e7e49838e89ec36e21c5a15c02c60726 .testimonial-item {\n  padding: 30px 30px 10px 30px;\n}\n.dt-testimonials-shortcode.testimonials-masonry-shortcode-id-e7e49838e89ec36e21c5a15c02c60726 .testimonial-name,\n.dt-testimonials-shortcode.testimonials-masonry-shortcode-id-e7e49838e89ec36e21c5a15c02c60726 .testimonial-name a,\n.dt-testimonials-shortcode.testimonials-masonry-shortcode-id-e7e49838e89ec36e21c5a15c02c60726 .testimonial-name span {\n  margin-bottom: 0px;\n  font-weight: bold;\n}\n.dt-testimonials-shortcode.testimonials-masonry-shortcode-id-e7e49838e89ec36e21c5a15c02c60726 .testimonial-position,\n.dt-testimonials-shortcode.testimonials-masonry-shortcode-id-e7e49838e89ec36e21c5a15c02c60726 .testimonial-position span {\n  margin-bottom: 20px;\n  font-weight: bold;\n}\n.dt-testimonials-shortcode.testimonials-masonry-shortcode-id-e7e49838e89ec36e21c5a15c02c60726  .testimonial-avatar {\n  padding: 0px 20px 20px 0px;\n}\n.dt-testimonials-shortcode.testimonials-masonry-shortcode-id-e7e49838e89ec36e21c5a15c02c60726  .testimonial-avatar a,\n.dt-testimonials-shortcode.testimonials-masonry-shortcode-id-e7e49838e89ec36e21c5a15c02c60726  .testimonial-avatar span,\n.dt-testimonials-shortcode.testimonials-masonry-shortcode-id-e7e49838e89ec36e21c5a15c02c60726  .testimonial-avatar img {\n  max-width: 70px;\n}\n.dt-testimonials-shortcode.testimonials-masonry-shortcode-id-e7e49838e89ec36e21c5a15c02c60726 .dt-css-grid .testimonial-avatar img,\n.dt-testimonials-shortcode.testimonials-masonry-shortcode-id-e7e49838e89ec36e21c5a15c02c60726 .dt-css-grid .testimonial-avatar svg {\n  max-width: 100%;\n}\n.dt-testimonials-shortcode.testimonials-masonry-shortcode-id-e7e49838e89ec36e21c5a15c02c60726.layout-5:not(.hide-testimonial-avatar) .content-wrap,\n.dt-testimonials-shortcode.testimonials-masonry-shortcode-id-e7e49838e89ec36e21c5a15c02c60726.layout-6:not(.hide-testimonial-avatar) .content-wrap {\n  width: calc(100% - 70px - 20px - 0px);\n}\n.dt-testimonials-shortcode.testimonials-masonry-shortcode-id-e7e49838e89ec36e21c5a15c02c60726 .testimonial-content {\n  margin-bottom: 20px;\n}\n.dt-testimonials-shortcode.testimonials-masonry-shortcode-id-e7e49838e89ec36e21c5a15c02c60726  .testimonial-avatar,\n.dt-testimonials-shortcode.testimonials-masonry-shortcode-id-e7e49838e89ec36e21c5a15c02c60726  .testimonial-avatar a.rollover,\n.dt-testimonials-shortcode.testimonials-masonry-shortcode-id-e7e49838e89ec36e21c5a15c02c60726  .testimonial-avatar a.rollover *,\n.dt-testimonials-shortcode.testimonials-masonry-shortcode-id-e7e49838e89ec36e21c5a15c02c60726  .testimonial-avatar img,\n.dt-testimonials-shortcode.testimonials-masonry-shortcode-id-e7e49838e89ec36e21c5a15c02c60726  .testimonial-avatar .no-avatar,\n.dt-testimonials-shortcode.testimonials-masonry-shortcode-id-e7e49838e89ec36e21c5a15c02c60726  .testim-no-avatar {\n  border-radius: 60px;\n}\n.dt-testimonials-shortcode.testimonials-masonry-shortcode-id-e7e49838e89ec36e21c5a15c02c60726  .testimonial-avatar .no-avatar {\n  height: 70px;\n}\n.dt-testimonials-shortcode.testimonials-masonry-shortcode-id-e7e49838e89ec36e21c5a15c02c60726  .testimonial-avatar .no-avatar {\n  font-size: 70px;\n  width: 70px;\n}\n.dt-testimonials-shortcode.testimonials-masonry-shortcode-id-e7e49838e89ec36e21c5a15c02c60726 .filter-bg-decoration .filter-categories a.act {\n  color: #fff;\n}\n.dt-testimonials-shortcode.testimonials-masonry-shortcode-id-e7e49838e89ec36e21c5a15c02c60726 .paginator a,\n.dt-testimonials-shortcode.testimonials-masonry-shortcode-id-e7e49838e89ec36e21c5a15c02c60726 .paginator a * {\n  color: ;\n}\n.dt-testimonials-shortcode.testimonials-masonry-shortcode-id-e7e49838e89ec36e21c5a15c02c60726:not(.resize-by-browser-width) .dt-css-grid {\n  grid-row-gap: 30px;\n  grid-column-gap: 30px;\n  grid-template-columns: repeat(auto-fill,minmax(,1fr));\n}\n.cssgridlegacy.no-cssgrid .dt-testimonials-shortcode.testimonials-masonry-shortcode-id-e7e49838e89ec36e21c5a15c02c60726:not(.resize-by-browser-width) .dt-css-grid,\n.no-cssgridlegacy.no-cssgrid .dt-testimonials-shortcode.testimonials-masonry-shortcode-id-e7e49838e89ec36e21c5a15c02c60726:not(.resize-by-browser-width) .dt-css-grid {\n  display: flex;\n  flex-flow: row wrap;\n  margin: -15px;\n}\n.cssgridlegacy.no-cssgrid .dt-testimonials-shortcode.testimonials-masonry-shortcode-id-e7e49838e89ec36e21c5a15c02c60726:not(.resize-by-browser-width) .dt-css-grid .wf-cell,\n.no-cssgridlegacy.no-cssgrid .dt-testimonials-shortcode.testimonials-masonry-shortcode-id-e7e49838e89ec36e21c5a15c02c60726:not(.resize-by-browser-width) .dt-css-grid .wf-cell {\n  flex: 1 0 ;\n  min-width: ;\n  max-width: 100%;\n  padding: 15px;\n  box-sizing: border-box;\n}\n.dt-testimonials-shortcode.testimonials-masonry-shortcode-id-e7e49838e89ec36e21c5a15c02c60726.resize-by-browser-width .dt-css-grid {\n  grid-template-columns: repeat(3,1fr);\n  grid-template-rows: auto;\n  grid-column-gap: 30px;\n  grid-row-gap: 30px;\n}\n.cssgridlegacy.no-cssgrid .dt-testimonials-shortcode.testimonials-masonry-shortcode-id-e7e49838e89ec36e21c5a15c02c60726.resize-by-browser-width .dt-css-grid,\n.no-cssgridlegacy.no-cssgrid .dt-testimonials-shortcode.testimonials-masonry-shortcode-id-e7e49838e89ec36e21c5a15c02c60726.resize-by-browser-width .dt-css-grid {\n  margin: -15px;\n}\n.cssgridlegacy.no-cssgrid .dt-testimonials-shortcode.testimonials-masonry-shortcode-id-e7e49838e89ec36e21c5a15c02c60726.resize-by-browser-width .dt-css-grid .wf-cell,\n.no-cssgridlegacy.no-cssgrid .dt-testimonials-shortcode.testimonials-masonry-shortcode-id-e7e49838e89ec36e21c5a15c02c60726.resize-by-browser-width .dt-css-grid .wf-cell {\n  width: 33.333333333333%;\n  padding: 15px;\n}\n@media screen and (max-width: 1199px) {\n  .dt-testimonials-shortcode.testimonials-masonry-shortcode-id-e7e49838e89ec36e21c5a15c02c60726.resize-by-browser-width .dt-css-grid {\n    grid-template-columns: repeat(3,1fr);\n  }\n  .cssgridlegacy.no-cssgrid .dt-testimonials-shortcode.testimonials-masonry-shortcode-id-e7e49838e89ec36e21c5a15c02c60726.resize-by-browser-width .dt-css-grid .wf-cell,\n  .no-cssgridlegacy.no-cssgrid .dt-testimonials-shortcode.testimonials-masonry-shortcode-id-e7e49838e89ec36e21c5a15c02c60726.resize-by-browser-width .dt-css-grid .wf-cell {\n    width: 33.333333333333%;\n  }\n}\n@media screen and (max-width: 991px) {\n  .dt-testimonials-shortcode.testimonials-masonry-shortcode-id-e7e49838e89ec36e21c5a15c02c60726.resize-by-browser-width .dt-css-grid {\n    grid-template-columns: repeat(2,1fr);\n  }\n  .cssgridlegacy.no-cssgrid .dt-testimonials-shortcode.testimonials-masonry-shortcode-id-e7e49838e89ec36e21c5a15c02c60726.resize-by-browser-width .dt-css-grid .wf-cell,\n  .no-cssgridlegacy.no-cssgrid .dt-testimonials-shortcode.testimonials-masonry-shortcode-id-e7e49838e89ec36e21c5a15c02c60726.resize-by-browser-width .dt-css-grid .wf-cell {\n    width: 50%;\n  }\n}\n@media screen and (max-width: 767px) {\n  .dt-testimonials-shortcode.testimonials-masonry-shortcode-id-e7e49838e89ec36e21c5a15c02c60726.resize-by-browser-width .dt-css-grid {\n    grid-template-columns: repeat(1,1fr);\n  }\n  .cssgridlegacy.no-cssgrid .dt-testimonials-shortcode.testimonials-masonry-shortcode-id-e7e49838e89ec36e21c5a15c02c60726.resize-by-browser-width .dt-css-grid .wf-cell,\n  .no-cssgridlegacy.no-cssgrid .dt-testimonials-shortcode.testimonials-masonry-shortcode-id-e7e49838e89ec36e21c5a15c02c60726.resize-by-browser-width .dt-css-grid .wf-cell {\n    width: 100%;\n  }\n}\n<\/style><div class=\"dt-testimonials-masonry-shortcode dt-testimonials-shortcode testimonials-masonry-shortcode-id-e7e49838e89ec36e21c5a15c02c60726 loading-effect-none content-align-left mode-masonry content-bg-on layout-3 scale-img jquery-filter resize-by-browser-width  \" data-padding=\"15px\" data-cur-page=\"1\" data-post-limit=\"-1\" data-pagination-mode=\"none\" data-desktop-columns-num=\"3\" data-v-tablet-columns-num=\"2\" data-h-tablet-columns-num=\"3\" data-phone-columns-num=\"1\" data-width=\"0px\" data-columns=\"0\"><div class=\"iso-container\" ><div class=\"visible wf-cell iso-item\" data-post-id=\"182\" data-date=\"2017-10-30T08:18:41+08:00\" data-name=\"Anna Wildfire\"><div class=\"testimonial-item post visible\"><div class=\"testimonial-author\"><div class=\"testimonial-avatar\"><span class=\"testimonial-thumb layzr-bg\"><img loading=\"lazy\" decoding=\"async\" class=\"preload-me iso-lazy-load\" src=\"data:image\/svg+xml,%3Csvg%20xmlns%3D&#39;http%3A%2F%2Fwww.w3.org%2F2000%2Fsvg&#39;%20viewBox%3D&#39;0%200%2070%2070&#39;%2F%3E\" data-src=\"https:\/\/altraductor.com\/wp-content\/uploads\/2017\/10\/t003-70x70.jpg\" data-srcset=\"https:\/\/altraductor.com\/wp-content\/uploads\/2017\/10\/t003-70x70.jpg 70w, https:\/\/altraductor.com\/wp-content\/uploads\/2017\/10\/t003-140x140.jpg 140w\" width=\"70\" height=\"70\"   alt=\"\" \/><\/span><\/div><div class=\"testimonial-vcard\"><div class=\"testimonial-name\"><span class=\"text-primary\">Anna Wildfire<\/span><br \/><\/div><div class=\"testimonial-position\"><span class=\"text-secondary color-secondary\">Creative director - Seven digital<\/span><\/div><\/div><\/div><div class=\"testimonial-content\"><p>Una vez m\u00e1s os damos las gracias por ayudarnos al proceso solicitado.<br \/>\nEs f\u00e1cil trabajar con vosotros a\u00fan no teniendo conocimientos por la gran ayuda que aport\u00e1is, recomendable 100%.<\/p>\n<\/div><\/div><\/div><div class=\"visible wf-cell iso-item\" data-post-id=\"1588\" data-date=\"2017-06-27T16:15:02+08:00\" data-name=\"James Green\"><div class=\"testimonial-item post visible\"><div class=\"testimonial-author\"><div class=\"testimonial-avatar\"><span class=\"testimonial-thumb layzr-bg\"><img loading=\"lazy\" decoding=\"async\" class=\"preload-me iso-lazy-load\" src=\"data:image\/svg+xml,%3Csvg%20xmlns%3D&#39;http%3A%2F%2Fwww.w3.org%2F2000%2Fsvg&#39;%20viewBox%3D&#39;0%200%2070%2070&#39;%2F%3E\" data-src=\"https:\/\/altraductor.com\/wp-content\/uploads\/2018\/07\/p12-70x70.jpg\" data-srcset=\"https:\/\/altraductor.com\/wp-content\/uploads\/2018\/07\/p12-70x70.jpg 70w, https:\/\/altraductor.com\/wp-content\/uploads\/2018\/07\/p12-140x140.jpg 140w\" width=\"70\" height=\"70\"   alt=\"\" \/><\/span><\/div><div class=\"testimonial-vcard\"><div class=\"testimonial-name\"><span class=\"text-primary\">James Green<\/span><br \/><\/div><div class=\"testimonial-position\"><span class=\"text-secondary color-secondary\">regular customer<\/span><\/div><\/div><\/div><div class=\"testimonial-content\"><p>Estamos encantados con vosotros y esperamos que sig\u00e1is as\u00ed siempre. <\/p>\n<\/div><\/div><\/div><div class=\"visible wf-cell iso-item\" data-post-id=\"291\" data-date=\"2017-01-30T17:44:15+08:00\" data-name=\"Alex Windfree\"><div class=\"testimonial-item post visible\"><div class=\"testimonial-author\"><div class=\"testimonial-avatar\"><span class=\"testimonial-thumb layzr-bg\"><img loading=\"lazy\" decoding=\"async\" class=\"preload-me iso-lazy-load\" src=\"data:image\/svg+xml,%3Csvg%20xmlns%3D&#39;http%3A%2F%2Fwww.w3.org%2F2000%2Fsvg&#39;%20viewBox%3D&#39;0%200%2070%2070&#39;%2F%3E\" data-src=\"https:\/\/altraductor.com\/wp-content\/uploads\/2018\/07\/p06-70x70.jpg\" data-srcset=\"https:\/\/altraductor.com\/wp-content\/uploads\/2018\/07\/p06-70x70.jpg 70w, https:\/\/altraductor.com\/wp-content\/uploads\/2018\/07\/p06-140x140.jpg 140w\" width=\"70\" height=\"70\"   alt=\"\" \/><\/span><\/div><div class=\"testimonial-vcard\"><div class=\"testimonial-name\"><span class=\"text-primary\">Alex Windfree<\/span><br \/><\/div><div class=\"testimonial-position\"><span class=\"text-secondary color-secondary\">our regular customer<\/span><\/div><\/div><\/div><div class=\"testimonial-content\"><p>Como bien indico en el t\u00edtulo, no s\u00f3lo resuelven todas mis dudas sino que van un paso m\u00e1s all\u00e1.<br \/>\nSiempre r\u00e1pidos, eficientes y siempre muy atentos <a href=\"https:\/\/altraductor.com\/index.php\/dt_testimonials\/alex-windfree\/\" class=\"more-link\" rel=\"nofollow\">read more<\/a><\/p>\n<\/div><\/div><\/div><div class=\"visible wf-cell iso-item\" data-post-id=\"137\" data-date=\"2016-08-08T12:27:29+08:00\" data-name=\"Diana Richards\"><div class=\"testimonial-item post visible\"><div class=\"testimonial-author\"><div class=\"testimonial-avatar\"><span class=\"testimonial-thumb layzr-bg\"><img loading=\"lazy\" decoding=\"async\" class=\"preload-me iso-lazy-load\" src=\"data:image\/svg+xml,%3Csvg%20xmlns%3D&#39;http%3A%2F%2Fwww.w3.org%2F2000%2Fsvg&#39;%20viewBox%3D&#39;0%200%2070%2070&#39;%2F%3E\" data-src=\"https:\/\/altraductor.com\/wp-content\/uploads\/2013\/08\/t-02-70x70.jpg\" data-srcset=\"https:\/\/altraductor.com\/wp-content\/uploads\/2013\/08\/t-02-70x70.jpg 70w, https:\/\/altraductor.com\/wp-content\/uploads\/2013\/08\/t-02-140x140.jpg 140w\" width=\"70\" height=\"70\"   alt=\"\" \/><\/span><\/div><div class=\"testimonial-vcard\"><div class=\"testimonial-name\"><span class=\"text-primary\">Diana Richards<\/span><br \/><\/div><div class=\"testimonial-position\"><span class=\"text-secondary color-secondary\">business owner<\/span><\/div><\/div><\/div><div class=\"testimonial-content\"><p>Me he encontrado trabajando y solicit\u00e1ndoles ayuda a cualquier hora del d\u00eda o de la noche a lo largo de la semana y siempre me han resuelto cualquier incidencia en muy poco tiempo y con total profesionalidad.<\/p>\n<\/div><\/div><\/div><\/div><!-- iso-container|iso-grid --><\/div>[\/vc_column][\/vc_row][vc_row full_width=&#8221;stretch_row&#8221; bg_type=&#8221;bg_color&#8221; type=&#8221;vc_default&#8221; margin_top=&#8221;0&#8243; margin_bottom=&#8221;-40&#8243; css=&#8221;.vc_custom_1498574482815{padding-top: 70px !important;padding-bottom: 70px !important;}&#8221; bg_color_value=&#8221;#f5f5f5&#8243;][vc_column width=&#8221;2\/3&#8243; offset=&#8221;vc_col-lg-offset-2 vc_col-lg-8 vc_col-md-offset-2 vc_col-md-8 vc_col-sm-offset-2 vc_col-xs-12&#8243;]<div id=\"ultimate-heading-678769f069a2cae35\" class=\"uvc-heading ult-adjust-bottom-margin ultimate-heading-678769f069a2cae35 uvc-9657 accent-border-color\" data-hspacer=\"line_only\"  data-halign=\"center\" style=\"text-align:center\"><div class=\"uvc-main-heading ult-responsive\"  data-ultimate-target='.uvc-heading.ultimate-heading-678769f069a2cae35 h2'  data-responsive-json-new='{\"font-size\":\"desktop:40px;\",\"line-height\":\"desktop:46px;\"}' ><h2 style=\"font-weight:bold;margin-bottom:15px;\">\u00a1DEJA TU TESTIMONIO!<\/h2><\/div><div class=\"uvc-heading-spacer line_only\" style=\"margin-bottom:50px;height:5px;\"><span class=\"uvc-headings-line\" style=\"border-style:solid;border-bottom-width:5px;border-color:;width:200px;\"><\/span><\/div><\/div>[vc_column_text css=&#8221;.vc_custom_1677673355200{padding-bottom: 30px !important;}&#8221;]<\/p>\n<p style=\"text-align: center;\">\u00a1Vea lo que dicen nuestros clientes sobre nosotros y tambi\u00e9n d\u00e9jenos una rese\u00f1a si ha utilizado nuestro servicio de traducci\u00f3n!<\/p>\n<p>[\/vc_column_text]<form class=\"dt-contact-form dt-form\" action=\"\/\" method=\"post\">\n<input type=\"hidden\" name=\"widget_id\" value=\"presscore-contact-form-widget--1\" \/><input type=\"hidden\" name=\"send_message\" value=\"\" \/><div class=\"form-fields\"><span class=\"form-name\"><label class=\"assistive-text\">Name *<\/label><input type=\"text\" class=\"validate[required]\" placeholder=\"Name *\" name=\"name\" value=\"\" aria-required=\"true\">\n<\/span><span class=\"form-mail\"><label class=\"assistive-text\">E-mail *<\/label><input type=\"text\" class=\"validate[required,custom[email]]\" placeholder=\"E-mail *\" name=\"email\" value=\"\" aria-required=\"true\">\n<\/span><span class=\"form-telephone\"><label class=\"assistive-text\">Telephone<\/label><input type=\"text\" placeholder=\"Telephone\" name=\"telephone\" value=\"\" aria-required=\"false\">\n<\/span><\/div><span class=\"form-message\"><label class=\"assistive-text\">Message *<\/label><textarea class=\"validate[required]\" placeholder=\"Message *\" name=\"message\" rows=\"5\" aria-required=\"true\"><\/textarea>\n<\/span><p><a href=\"#\" class=\"dt-btn dt-btn-m dt-btn-submit\" rel=\"nofollow\"><span>Send Message<\/span><\/a><input class=\"assistive-text\" type=\"submit\" value=\"submit\"><\/p><\/form>\n[\/vc_column][\/vc_row]<\/p>\n","protected":false},"excerpt":{"rendered":"<p>[vc_row type=&#8221;vc_default&#8221;][vc_column css=&#8221;.vc_custom_1498574979385{padding-top: 70px !important;padding-bottom: 70px !important;}&#8221;][\/vc_column][\/vc_row][vc_row full_width=&#8221;stretch_row&#8221; bg_type=&#8221;bg_color&#8221; type=&#8221;vc_default&#8221; margin_top=&#8221;0&#8243; margin_bottom=&#8221;-40&#8243; css=&#8221;.vc_custom_1498574482815{padding-top: 70px !important;padding-bottom: 70px !important;}&#8221; bg_color_value=&#8221;#f5f5f5&#8243;][vc_column width=&#8221;2\/3&#8243; offset=&#8221;vc_col-lg-offset-2 vc_col-lg-8 vc_col-md-offset-2 vc_col-md-8 vc_col-sm-offset-2 vc_col-xs-12&#8243;][vc_column_text css=&#8221;.vc_custom_1677673355200{padding-bottom: 30px !important;}&#8221;] \u00a1Vea lo que dicen nuestros clientes sobre nosotros y tambi\u00e9n d\u00e9jenos una rese\u00f1a si ha utilizado nuestro servicio de traducci\u00f3n! [\/vc_column_text][\/vc_column][\/vc_row]<\/p>\n","protected":false},"author":1,"featured_media":0,"parent":0,"menu_order":500,"comment_status":"closed","ping_status":"closed","template":"","meta":[],"class_list":["post-53384","page","type-page","status-publish","hentry","description-off"],"_links":{"self":[{"href":"https:\/\/altraductor.com\/index.php\/wp-json\/wp\/v2\/pages\/53384","targetHints":{"allow":["GET"]}}],"collection":[{"href":"https:\/\/altraductor.com\/index.php\/wp-json\/wp\/v2\/pages"}],"about":[{"href":"https:\/\/altraductor.com\/index.php\/wp-json\/wp\/v2\/types\/page"}],"author":[{"embeddable":true,"href":"https:\/\/altraductor.com\/index.php\/wp-json\/wp\/v2\/users\/1"}],"replies":[{"embeddable":true,"href":"https:\/\/altraductor.com\/index.php\/wp-json\/wp\/v2\/comments?post=53384"}],"version-history":[{"count":2,"href":"https:\/\/altraductor.com\/index.php\/wp-json\/wp\/v2\/pages\/53384\/revisions"}],"predecessor-version":[{"id":54393,"href":"https:\/\/altraductor.com\/index.php\/wp-json\/wp\/v2\/pages\/53384\/revisions\/54393"}],"wp:attachment":[{"href":"https:\/\/altraductor.com\/index.php\/wp-json\/wp\/v2\/media?parent=53384"}],"curies":[{"name":"wp","href":"https:\/\/api.w.org\/{rel}","templated":true}]}}