{"id":53401,"date":"2016-01-30T21:56:24","date_gmt":"2016-01-30T21:56:24","guid":{"rendered":"https:\/\/the7.io\/beauty-studio\/?page_id=408"},"modified":"2019-05-14T00:52:26","modified_gmt":"2019-05-13T16:52:26","slug":"service-inner","status":"publish","type":"page","link":"https:\/\/altraductor.com\/index.php\/services-4\/service-inner\/","title":{"rendered":"TRADUCTOR\/INT\u00c9RPRETE"},"content":{"rendered":"<p>[vc_row type=&#8221;vc_default&#8221;][vc_column css=&#8221;.vc_custom_1498229431694{padding-bottom: 50px !important;}&#8221;]<div id=\"ultimate-heading-833769ee0e614ffbc\" class=\"uvc-heading ult-adjust-bottom-margin ultimate-heading-833769ee0e614ffbc uvc-9557 \" data-hspacer=\"no_spacer\"  data-halign=\"left\" style=\"text-align:left\"><div class=\"uvc-heading-spacer no_spacer\" style=\"top\"><\/div><div class=\"uvc-main-heading ult-responsive\"  data-ultimate-target='.uvc-heading.ultimate-heading-833769ee0e614ffbc h2'  data-responsive-json-new='{\"font-size\":\"desktop:26px;\",\"line-height\":\"desktop:32px;\"}' ><h2 style=\"font-weight:bold;margin-bottom:20px;\">TRADUCTOR\/INT\u00c9RPRETE<\/h2><\/div><\/div>[vc_column_text]<\/p>\n<ul>\n<li>TRADUCTOR\/INT\u00c9RPRETE<\/li>\n<\/ul>\n<p><span class=\"wb-stl-highlight\">\u00bfUsted quiere asistir a las Ferias Internacionales de\u00a0<\/span>China? \u00bfUsted se preocupa por el problem a de idioma? Nosotros podemos ayudarle a resolver este problema.<\/p>\n<ul>\n<li>SERVICIO CONTROL DE CALIDAD<\/li>\n<\/ul>\n<p><span class=\"wb-stl-highlight\">En China verificar la calidad es muy importante, porque\u00a0<\/span>muchos proveedores no cumplen sus palabras.Antes de pagar ellos aceptan todas las exigencias\u00a0.pretension para los errores. Esos problemas se ocurren\u00a0cada dia.<\/p>\n<ul>\n<li>ASESOR DE COMPRA EN CHINA<\/li>\n<\/ul>\n<p><span class=\"wb-stl-highlight\">B\u00fasqueda de Productos\/ F\u00e1bricas Hacer el pedido.Durante la fabricaci\u00f3n mantenemos el contacto con las f\u00e1bricas para saber el proceso de producci\u00f3n. Tambi\u00e9n vamos a la f\u00e1brica a chequer la calidad para que no tenga error<\/span>.<\/p>\n<ul>\n<li>SERVICIO DE TURISMO<\/li>\n<\/ul>\n<p>Somos especialistas para organizar sus itinerarios seg\u00fan su necesidad, tanto como para individuales, familiares, grupos comerciales o culturales. Exigimos a nuestros consultores de viaje ofrecer el servicio profesional de alta calidad para la satisfacci\u00f3n de los viajeros.<\/p>\n<ul>\n<li>SERVICIO DE CONTROL LOG\u00cdSTICA<\/li>\n<\/ul>\n<p>Otro servico que le ofrecemos es manejo de transporte.Podemos ayudarle a mandar las mercanc\u00edas por a\u00e9reo o por mar\u00edtimo.Tambi\u00e9n somos profisionales hacer el INVOICE y el PACKINGLIST.<\/p>\n<ul>\n<li>SERVICIO DE GU\u00cdA<\/li>\n<\/ul>\n<p>Un buen itinerario diario es muy importante porque puede ahorrar tiempo y plata, tambi\u00e9n pueden facilitar todo el viaje. Podemos darles consejos en todo el plan, porque conocemos el lugar,sabemos c\u00f3mo manejar el viaje que nos conviene.[\/vc_column_text][\/vc_column][\/vc_row]<\/p>\n","protected":false},"excerpt":{"rendered":"<p>[vc_row type=&#8221;vc_default&#8221;][vc_column css=&#8221;.vc_custom_1498229431694{padding-bottom: 50px !important;}&#8221;][vc_column_text] TRADUCTOR\/INT\u00c9RPRETE \u00bfUsted quiere asistir a las Ferias Internacionales de\u00a0China? \u00bfUsted se preocupa por el problem a de idioma? Nosotros podemos ayudarle a resolver este problema. SERVICIO CONTROL DE CALIDAD En China verificar la calidad es muy importante, porque\u00a0muchos proveedores no cumplen sus palabras.Antes de pagar ellos aceptan todas las exigencias\u00a0.pretension&hellip;<\/p>\n","protected":false},"author":1,"featured_media":0,"parent":53382,"menu_order":100,"comment_status":"closed","ping_status":"closed","template":"","meta":[],"class_list":["post-53401","page","type-page","status-publish","hentry","description-off"],"_links":{"self":[{"href":"https:\/\/altraductor.com\/index.php\/wp-json\/wp\/v2\/pages\/53401","targetHints":{"allow":["GET"]}}],"collection":[{"href":"https:\/\/altraductor.com\/index.php\/wp-json\/wp\/v2\/pages"}],"about":[{"href":"https:\/\/altraductor.com\/index.php\/wp-json\/wp\/v2\/types\/page"}],"author":[{"embeddable":true,"href":"https:\/\/altraductor.com\/index.php\/wp-json\/wp\/v2\/users\/1"}],"replies":[{"embeddable":true,"href":"https:\/\/altraductor.com\/index.php\/wp-json\/wp\/v2\/comments?post=53401"}],"version-history":[{"count":5,"href":"https:\/\/altraductor.com\/index.php\/wp-json\/wp\/v2\/pages\/53401\/revisions"}],"predecessor-version":[{"id":53493,"href":"https:\/\/altraductor.com\/index.php\/wp-json\/wp\/v2\/pages\/53401\/revisions\/53493"}],"up":[{"embeddable":true,"href":"https:\/\/altraductor.com\/index.php\/wp-json\/wp\/v2\/pages\/53382"}],"wp:attachment":[{"href":"https:\/\/altraductor.com\/index.php\/wp-json\/wp\/v2\/media?parent=53401"}],"curies":[{"name":"wp","href":"https:\/\/api.w.org\/{rel}","templated":true}]}}